{"id":1218,"date":"2023-04-27T11:23:39","date_gmt":"2023-04-27T09:23:39","guid":{"rendered":"https:\/\/climrchaud.fr\/?page_id=1218"},"modified":"2023-05-02T12:02:42","modified_gmt":"2023-05-02T10:02:42","slug":"isolation-thermique-exterieur","status":"publish","type":"page","link":"https:\/\/climrchaud.fr\/index.php\/isolation-thermique-exterieur\/","title":{"rendered":"Isolation thermique par l&rsquo;ext\u00e9rieur"},"content":{"rendered":"\t\t<div data-elementor-type=\"wp-page\" data-elementor-id=\"1218\" class=\"elementor elementor-1218\">\n\t\t\t\t\t\t<section class=\"elementor-section elementor-top-section elementor-element elementor-element-4be2d45 elementor-section-boxed elementor-section-height-default elementor-section-height-default\" data-id=\"4be2d45\" data-element_type=\"section\" data-e-type=\"section\" data-settings=\"{&quot;background_background&quot;:&quot;classic&quot;}\">\n\t\t\t\t\t\t\t<div class=\"elementor-background-overlay\"><\/div>\n\t\t\t\t\t\t\t<div class=\"elementor-container elementor-column-gap-no\">\n\t\t\t\t\t<div class=\"elementor-column elementor-col-100 elementor-top-column elementor-element elementor-element-a085dea\" data-id=\"a085dea\" data-element_type=\"column\" data-e-type=\"column\">\n\t\t\t<div class=\"elementor-widget-wrap elementor-element-populated\">\n\t\t\t\t\t\t<div class=\"elementor-element elementor-element-cc435a4 elementor-widget elementor-widget-heading\" data-id=\"cc435a4\" data-element_type=\"widget\" data-e-type=\"widget\" data-widget_type=\"heading.default\">\n\t\t\t\t<div class=\"elementor-widget-container\">\n\t\t\t\t\t<h1 class=\"elementor-heading-title elementor-size-default\">Isolation thermique par l'ext\u00e9rieur (ITE)<\/h1>\t\t\t\t<\/div>\n\t\t\t\t<\/div>\n\t\t\t\t\t<\/div>\n\t\t<\/div>\n\t\t\t\t\t<\/div>\n\t\t<\/section>\n\t\t\t\t<section class=\"elementor-section elementor-top-section elementor-element elementor-element-bf562ad elementor-section-boxed elementor-section-height-default elementor-section-height-default\" data-id=\"bf562ad\" data-element_type=\"section\" data-e-type=\"section\" data-settings=\"{&quot;background_background&quot;:&quot;classic&quot;}\">\n\t\t\t\t\t\t<div class=\"elementor-container elementor-column-gap-default\">\n\t\t\t\t\t<div class=\"elementor-column elementor-col-100 elementor-top-column elementor-element elementor-element-1edb875\" data-id=\"1edb875\" data-element_type=\"column\" data-e-type=\"column\">\n\t\t\t<div class=\"elementor-widget-wrap elementor-element-populated\">\n\t\t\t\t\t\t<div class=\"elementor-element elementor-element-68713ef elementor-widget elementor-widget-spacer\" data-id=\"68713ef\" data-element_type=\"widget\" data-e-type=\"widget\" data-widget_type=\"spacer.default\">\n\t\t\t\t<div class=\"elementor-widget-container\">\n\t\t\t\t\t\t\t<div class=\"elementor-spacer\">\n\t\t\t<div class=\"elementor-spacer-inner\"><\/div>\n\t\t<\/div>\n\t\t\t\t\t\t<\/div>\n\t\t\t\t<\/div>\n\t\t\t\t<div class=\"elementor-element elementor-element-cc2a082 elementor-widget elementor-widget-heading\" data-id=\"cc2a082\" data-element_type=\"widget\" data-e-type=\"widget\" data-widget_type=\"heading.default\">\n\t\t\t\t<div class=\"elementor-widget-container\">\n\t\t\t\t\t<h5 class=\"elementor-heading-title elementor-size-default\">En quoi consiste l'ITE (Isolation thermique par l'ext\u00e9rieur) ? <\/h5>\t\t\t\t<\/div>\n\t\t\t\t<\/div>\n\t\t\t\t<div class=\"elementor-element elementor-element-1e0ed6b elementor-widget elementor-widget-text-editor\" data-id=\"1e0ed6b\" data-element_type=\"widget\" data-e-type=\"widget\" data-widget_type=\"text-editor.default\">\n\t\t\t\t<div class=\"elementor-widget-container\">\n\t\t\t\t\t\t\t\t\t<p>L&rsquo;Isolation Thermique par l&rsquo;Ext\u00e9rieur(ITE) consiste \u00e0 cr\u00e9er une enveloppe isolante autour du b\u00e2timent pour assurer la continuit\u00e9 de l&rsquo;enveloppe et limiter les ponts thermiques. Gr\u00e2ce \u00e0 des propri\u00e9t\u00e9s d&rsquo;isolation optimales, cette technologie permet de r\u00e9aliser d&rsquo;\u00e9normes \u00e9conomies d&rsquo;\u00e9nergie.<\/p>\t\t\t\t\t\t\t\t<\/div>\n\t\t\t\t<\/div>\n\t\t\t\t<div class=\"elementor-element elementor-element-8fce223 elementor-widget-divider--view-line elementor-widget elementor-widget-divider\" data-id=\"8fce223\" data-element_type=\"widget\" data-e-type=\"widget\" data-widget_type=\"divider.default\">\n\t\t\t\t<div class=\"elementor-widget-container\">\n\t\t\t\t\t\t\t<div class=\"elementor-divider\">\n\t\t\t<span class=\"elementor-divider-separator\">\n\t\t\t\t\t\t<\/span>\n\t\t<\/div>\n\t\t\t\t\t\t<\/div>\n\t\t\t\t<\/div>\n\t\t\t\t<div class=\"elementor-element elementor-element-01c0aa9 elementor-widget elementor-widget-heading\" data-id=\"01c0aa9\" data-element_type=\"widget\" data-e-type=\"widget\" data-widget_type=\"heading.default\">\n\t\t\t\t<div class=\"elementor-widget-container\">\n\t\t\t\t\t<h5 class=\"elementor-heading-title elementor-size-default\">Les avantages de l'ITE :<\/h5>\t\t\t\t<\/div>\n\t\t\t\t<\/div>\n\t\t\t\t\t<\/div>\n\t\t<\/div>\n\t\t\t\t\t<\/div>\n\t\t<\/section>\n\t\t\t\t<section class=\"elementor-section elementor-top-section elementor-element elementor-element-89af5e1 elementor-section-boxed elementor-section-height-default elementor-section-height-default\" data-id=\"89af5e1\" data-element_type=\"section\" data-e-type=\"section\">\n\t\t\t\t\t\t<div class=\"elementor-container elementor-column-gap-default\">\n\t\t\t\t\t<div class=\"elementor-column elementor-col-50 elementor-top-column elementor-element elementor-element-b7fffe7\" data-id=\"b7fffe7\" data-element_type=\"column\" data-e-type=\"column\">\n\t\t\t<div class=\"elementor-widget-wrap elementor-element-populated\">\n\t\t\t\t\t\t<div class=\"elementor-element elementor-element-3c01b16 elementor-widget elementor-widget-image\" data-id=\"3c01b16\" data-element_type=\"widget\" data-e-type=\"widget\" data-widget_type=\"image.default\">\n\t\t\t\t<div class=\"elementor-widget-container\">\n\t\t\t\t\t\t\t\t\t\t\t\t\t\t\t<img fetchpriority=\"high\" decoding=\"async\" width=\"564\" height=\"386\" src=\"https:\/\/climrchaud.fr\/wp-content\/uploads\/2023\/04\/5884be17c774633f699ebbac8e4c05dd-e1682598492326.jpg\" class=\"attachment-large size-large wp-image-1316\" alt=\"\" srcset=\"https:\/\/climrchaud.fr\/wp-content\/uploads\/2023\/04\/5884be17c774633f699ebbac8e4c05dd-e1682598492326.jpg 564w, https:\/\/climrchaud.fr\/wp-content\/uploads\/2023\/04\/5884be17c774633f699ebbac8e4c05dd-e1682598492326-300x205.jpg 300w\" sizes=\"(max-width: 564px) 100vw, 564px\" \/>\t\t\t\t\t\t\t\t\t\t\t\t\t\t\t<\/div>\n\t\t\t\t<\/div>\n\t\t\t\t\t<\/div>\n\t\t<\/div>\n\t\t\t\t<div class=\"elementor-column elementor-col-50 elementor-top-column elementor-element elementor-element-52008ab\" data-id=\"52008ab\" data-element_type=\"column\" data-e-type=\"column\">\n\t\t\t<div class=\"elementor-widget-wrap elementor-element-populated\">\n\t\t\t\t\t\t<div class=\"elementor-element elementor-element-09e64b1 elementor-widget elementor-widget-text-editor\" data-id=\"09e64b1\" data-element_type=\"widget\" data-e-type=\"widget\" data-widget_type=\"text-editor.default\">\n\t\t\t\t<div class=\"elementor-widget-container\">\n\t\t\t\t\t\t\t\t\t<ul><li><strong>L\u2019ITE permet de r\u00e9aliser des \u00e9conomies\u00a0:\u00a0<\/strong>Une fois les travaux effectu\u00e9s sur le b\u00e2timent, l\u2019effet est imm\u00e9diat : vous aurez besoin de moins d\u2019\u00e9nergie pour chauffer la maison, ce qui \u00e9quivaut \u00e0 une r\u00e9duction des factures d&rsquo;\u00e9nergie.<br \/><br \/><\/li><li><b>Elle \u00e9vite ainsi l\u2019entr\u00e9e d\u2019air froid en hiver<\/b>, <b>de chaleur en \u00e9t\u00e9 et d\u2019humidit\u00e9<\/b> dans la maison. R\u00e9sultat : la temp\u00e9rature \u00e0 l\u2019int\u00e9rieur est agr\u00e9able en toute saison, et vous maitrisez vos consommations d\u2019\u00e9nergie.<br \/><br \/><\/li><li><b>Une maison bien isol\u00e9e<\/b>, <strong>c&rsquo;est moins de d\u00e9sagr\u00e9ments<\/strong> : En chauffant moins et en utilisant des appareils performants, votre maison \u00e9mettra moins de gaz \u00e0 effet de serre. La plan\u00e8te vous remerciera !<\/li><\/ul>\t\t\t\t\t\t\t\t<\/div>\n\t\t\t\t<\/div>\n\t\t\t\t\t<\/div>\n\t\t<\/div>\n\t\t\t\t\t<\/div>\n\t\t<\/section>\n\t\t\t\t<section class=\"elementor-section elementor-top-section elementor-element elementor-element-38c3cbe elementor-section-boxed elementor-section-height-default elementor-section-height-default\" data-id=\"38c3cbe\" data-element_type=\"section\" data-e-type=\"section\">\n\t\t\t\t\t\t<div class=\"elementor-container elementor-column-gap-default\">\n\t\t\t\t\t<div class=\"elementor-column elementor-col-100 elementor-top-column elementor-element elementor-element-a9d70af\" data-id=\"a9d70af\" data-element_type=\"column\" data-e-type=\"column\">\n\t\t\t<div class=\"elementor-widget-wrap elementor-element-populated\">\n\t\t\t\t\t\t<div class=\"elementor-element elementor-element-74f7979 elementor-widget elementor-widget-spacer\" data-id=\"74f7979\" data-element_type=\"widget\" data-e-type=\"widget\" data-widget_type=\"spacer.default\">\n\t\t\t\t<div class=\"elementor-widget-container\">\n\t\t\t\t\t\t\t<div class=\"elementor-spacer\">\n\t\t\t<div class=\"elementor-spacer-inner\"><\/div>\n\t\t<\/div>\n\t\t\t\t\t\t<\/div>\n\t\t\t\t<\/div>\n\t\t\t\t\t<\/div>\n\t\t<\/div>\n\t\t\t\t\t<\/div>\n\t\t<\/section>\n\t\t\t\t<\/div>\n\t\t","protected":false},"excerpt":{"rendered":"<p>Isolation thermique par l&rsquo;ext\u00e9rieur (ITE) En quoi consiste l&rsquo;ITE (Isolation thermique par l&rsquo;ext\u00e9rieur) ? L&rsquo;Isolation Thermique par l&rsquo;Ext\u00e9rieur(ITE) consiste \u00e0 cr\u00e9er une enveloppe isolante autour du b\u00e2timent pour assurer la continuit\u00e9 de l&rsquo;enveloppe et limiter les ponts thermiques. Gr\u00e2ce \u00e0 des propri\u00e9t\u00e9s d&rsquo;isolation optimales, cette technologie permet de r\u00e9aliser d&rsquo;\u00e9normes \u00e9conomies d&rsquo;\u00e9nergie. Les avantages de [&hellip;]<\/p>\n","protected":false},"author":1,"featured_media":0,"parent":0,"menu_order":0,"comment_status":"closed","ping_status":"closed","template":"","meta":{"site-sidebar-layout":"no-sidebar","site-content-layout":"page-builder","ast-site-content-layout":"","site-content-style":"default","site-sidebar-style":"default","ast-global-header-display":"","ast-banner-title-visibility":"","ast-main-header-display":"","ast-hfb-above-header-display":"","ast-hfb-below-header-display":"","ast-hfb-mobile-header-display":"","site-post-title":"disabled","ast-breadcrumbs-content":"disabled","ast-featured-img":"disabled","footer-sml-layout":"","theme-transparent-header-meta":"enabled","adv-header-id-meta":"","stick-header-meta":"","header-above-stick-meta":"","header-main-stick-meta":"","header-below-stick-meta":"","astra-migrate-meta-layouts":"default","ast-page-background-enabled":"default","ast-page-background-meta":{"desktop":{"background-color":"","background-image":"","background-repeat":"repeat","background-position":"center center","background-size":"auto","background-attachment":"scroll","background-type":"","background-media":"","overlay-type":"","overlay-color":"","overlay-opacity":"","overlay-gradient":""},"tablet":{"background-color":"","background-image":"","background-repeat":"repeat","background-position":"center center","background-size":"auto","background-attachment":"scroll","background-type":"","background-media":"","overlay-type":"","overlay-color":"","overlay-opacity":"","overlay-gradient":""},"mobile":{"background-color":"","background-image":"","background-repeat":"repeat","background-position":"center center","background-size":"auto","background-attachment":"scroll","background-type":"","background-media":"","overlay-type":"","overlay-color":"","overlay-opacity":"","overlay-gradient":""}},"ast-content-background-meta":{"desktop":{"background-color":"var(--ast-global-color-5)","background-image":"","background-repeat":"repeat","background-position":"center center","background-size":"auto","background-attachment":"scroll","background-type":"","background-media":"","overlay-type":"","overlay-color":"","overlay-opacity":"","overlay-gradient":""},"tablet":{"background-color":"var(--ast-global-color-5)","background-image":"","background-repeat":"repeat","background-position":"center center","background-size":"auto","background-attachment":"scroll","background-type":"","background-media":"","overlay-type":"","overlay-color":"","overlay-opacity":"","overlay-gradient":""},"mobile":{"background-color":"var(--ast-global-color-5)","background-image":"","background-repeat":"repeat","background-position":"center center","background-size":"auto","background-attachment":"scroll","background-type":"","background-media":"","overlay-type":"","overlay-color":"","overlay-opacity":"","overlay-gradient":""}},"iawp_total_views":49,"footnotes":""},"class_list":["post-1218","page","type-page","status-publish","hentry"],"yoast_head":"<!-- This site is optimized with the Yoast SEO plugin v27.4 - https:\/\/yoast.com\/product\/yoast-seo-wordpress\/ -->\n<title>Isolation thermique par l&#039;ext\u00e9rieur - Groupe ECO THERM - Installation de chauffage ou de climatisation<\/title>\n<meta name=\"robots\" content=\"index, follow, max-snippet:-1, max-image-preview:large, max-video-preview:-1\" \/>\n<link rel=\"canonical\" href=\"https:\/\/climrchaud.fr\/index.php\/isolation-thermique-exterieur\/\" \/>\n<meta property=\"og:locale\" content=\"fr_FR\" \/>\n<meta property=\"og:type\" content=\"article\" \/>\n<meta property=\"og:title\" content=\"Isolation thermique par l&#039;ext\u00e9rieur - Groupe ECO THERM - Installation de chauffage ou de climatisation\" \/>\n<meta property=\"og:description\" content=\"Isolation thermique par l&rsquo;ext\u00e9rieur (ITE) En quoi consiste l&rsquo;ITE (Isolation thermique par l&rsquo;ext\u00e9rieur) ? L&rsquo;Isolation Thermique par l&rsquo;Ext\u00e9rieur(ITE) consiste \u00e0 cr\u00e9er une enveloppe isolante autour du b\u00e2timent pour assurer la continuit\u00e9 de l&rsquo;enveloppe et limiter les ponts thermiques. Gr\u00e2ce \u00e0 des propri\u00e9t\u00e9s d&rsquo;isolation optimales, cette technologie permet de r\u00e9aliser d&rsquo;\u00e9normes \u00e9conomies d&rsquo;\u00e9nergie. Les avantages de [&hellip;]\" \/>\n<meta property=\"og:url\" content=\"https:\/\/climrchaud.fr\/index.php\/isolation-thermique-exterieur\/\" \/>\n<meta property=\"og:site_name\" content=\"Groupe ECO THERM - Installation de chauffage ou de climatisation\" \/>\n<meta property=\"article:modified_time\" content=\"2023-05-02T10:02:42+00:00\" \/>\n<meta property=\"og:image\" content=\"https:\/\/climrchaud.fr\/wp-content\/uploads\/2023\/04\/5884be17c774633f699ebbac8e4c05dd-e1682598492326.jpg\" \/>\n<meta name=\"twitter:card\" content=\"summary_large_image\" \/>\n<meta name=\"twitter:label1\" content=\"Dur\u00e9e de lecture estim\u00e9e\" \/>\n\t<meta name=\"twitter:data1\" content=\"1 minute\" \/>\n<script type=\"application\/ld+json\" class=\"yoast-schema-graph\">{\"@context\":\"https:\\\/\\\/schema.org\",\"@graph\":[{\"@type\":\"WebPage\",\"@id\":\"https:\\\/\\\/climrchaud.fr\\\/index.php\\\/isolation-thermique-exterieur\\\/\",\"url\":\"https:\\\/\\\/climrchaud.fr\\\/index.php\\\/isolation-thermique-exterieur\\\/\",\"name\":\"Isolation thermique par l'ext\u00e9rieur - Groupe ECO THERM - Installation de chauffage ou de climatisation\",\"isPartOf\":{\"@id\":\"https:\\\/\\\/climrchaud.fr\\\/#website\"},\"primaryImageOfPage\":{\"@id\":\"https:\\\/\\\/climrchaud.fr\\\/index.php\\\/isolation-thermique-exterieur\\\/#primaryimage\"},\"image\":{\"@id\":\"https:\\\/\\\/climrchaud.fr\\\/index.php\\\/isolation-thermique-exterieur\\\/#primaryimage\"},\"thumbnailUrl\":\"https:\\\/\\\/climrchaud.fr\\\/wp-content\\\/uploads\\\/2023\\\/04\\\/5884be17c774633f699ebbac8e4c05dd-e1682598492326.jpg\",\"datePublished\":\"2023-04-27T09:23:39+00:00\",\"dateModified\":\"2023-05-02T10:02:42+00:00\",\"breadcrumb\":{\"@id\":\"https:\\\/\\\/climrchaud.fr\\\/index.php\\\/isolation-thermique-exterieur\\\/#breadcrumb\"},\"inLanguage\":\"fr-FR\",\"potentialAction\":[{\"@type\":\"ReadAction\",\"target\":[\"https:\\\/\\\/climrchaud.fr\\\/index.php\\\/isolation-thermique-exterieur\\\/\"]}]},{\"@type\":\"ImageObject\",\"inLanguage\":\"fr-FR\",\"@id\":\"https:\\\/\\\/climrchaud.fr\\\/index.php\\\/isolation-thermique-exterieur\\\/#primaryimage\",\"url\":\"https:\\\/\\\/climrchaud.fr\\\/wp-content\\\/uploads\\\/2023\\\/04\\\/5884be17c774633f699ebbac8e4c05dd-e1682598492326.jpg\",\"contentUrl\":\"https:\\\/\\\/climrchaud.fr\\\/wp-content\\\/uploads\\\/2023\\\/04\\\/5884be17c774633f699ebbac8e4c05dd-e1682598492326.jpg\",\"width\":564,\"height\":386},{\"@type\":\"BreadcrumbList\",\"@id\":\"https:\\\/\\\/climrchaud.fr\\\/index.php\\\/isolation-thermique-exterieur\\\/#breadcrumb\",\"itemListElement\":[{\"@type\":\"ListItem\",\"position\":1,\"name\":\"Accueil\",\"item\":\"https:\\\/\\\/climrchaud.fr\\\/\"},{\"@type\":\"ListItem\",\"position\":2,\"name\":\"Isolation thermique par l&rsquo;ext\u00e9rieur\"}]},{\"@type\":\"WebSite\",\"@id\":\"https:\\\/\\\/climrchaud.fr\\\/#website\",\"url\":\"https:\\\/\\\/climrchaud.fr\\\/\",\"name\":\"Clim'R Chaud - Installation de chauffages et de climatisations\",\"description\":\"\",\"publisher\":{\"@id\":\"https:\\\/\\\/climrchaud.fr\\\/#organization\"},\"potentialAction\":[{\"@type\":\"SearchAction\",\"target\":{\"@type\":\"EntryPoint\",\"urlTemplate\":\"https:\\\/\\\/climrchaud.fr\\\/?s={search_term_string}\"},\"query-input\":{\"@type\":\"PropertyValueSpecification\",\"valueRequired\":true,\"valueName\":\"search_term_string\"}}],\"inLanguage\":\"fr-FR\"},{\"@type\":\"Organization\",\"@id\":\"https:\\\/\\\/climrchaud.fr\\\/#organization\",\"name\":\"Clim'R Chaud - Installation de chauffages et de climatisations\",\"url\":\"https:\\\/\\\/climrchaud.fr\\\/\",\"logo\":{\"@type\":\"ImageObject\",\"inLanguage\":\"fr-FR\",\"@id\":\"https:\\\/\\\/climrchaud.fr\\\/#\\\/schema\\\/logo\\\/image\\\/\",\"url\":\"https:\\\/\\\/climrchaud.fr\\\/wp-content\\\/uploads\\\/2023\\\/04\\\/cropped-groupecotherm-1.png\",\"contentUrl\":\"https:\\\/\\\/climrchaud.fr\\\/wp-content\\\/uploads\\\/2023\\\/04\\\/cropped-groupecotherm-1.png\",\"width\":500,\"height\":192,\"caption\":\"Clim'R Chaud - Installation de chauffages et de climatisations\"},\"image\":{\"@id\":\"https:\\\/\\\/climrchaud.fr\\\/#\\\/schema\\\/logo\\\/image\\\/\"}}]}<\/script>\n<!-- \/ Yoast SEO plugin. -->","yoast_head_json":{"title":"Isolation thermique par l'ext\u00e9rieur - Groupe ECO THERM - Installation de chauffage ou de climatisation","robots":{"index":"index","follow":"follow","max-snippet":"max-snippet:-1","max-image-preview":"max-image-preview:large","max-video-preview":"max-video-preview:-1"},"canonical":"https:\/\/climrchaud.fr\/index.php\/isolation-thermique-exterieur\/","og_locale":"fr_FR","og_type":"article","og_title":"Isolation thermique par l'ext\u00e9rieur - Groupe ECO THERM - Installation de chauffage ou de climatisation","og_description":"Isolation thermique par l&rsquo;ext\u00e9rieur (ITE) En quoi consiste l&rsquo;ITE (Isolation thermique par l&rsquo;ext\u00e9rieur) ? L&rsquo;Isolation Thermique par l&rsquo;Ext\u00e9rieur(ITE) consiste \u00e0 cr\u00e9er une enveloppe isolante autour du b\u00e2timent pour assurer la continuit\u00e9 de l&rsquo;enveloppe et limiter les ponts thermiques. Gr\u00e2ce \u00e0 des propri\u00e9t\u00e9s d&rsquo;isolation optimales, cette technologie permet de r\u00e9aliser d&rsquo;\u00e9normes \u00e9conomies d&rsquo;\u00e9nergie. Les avantages de [&hellip;]","og_url":"https:\/\/climrchaud.fr\/index.php\/isolation-thermique-exterieur\/","og_site_name":"Groupe ECO THERM - Installation de chauffage ou de climatisation","article_modified_time":"2023-05-02T10:02:42+00:00","og_image":[{"url":"https:\/\/climrchaud.fr\/wp-content\/uploads\/2023\/04\/5884be17c774633f699ebbac8e4c05dd-e1682598492326.jpg","type":"","width":"","height":""}],"twitter_card":"summary_large_image","twitter_misc":{"Dur\u00e9e de lecture estim\u00e9e":"1 minute"},"schema":{"@context":"https:\/\/schema.org","@graph":[{"@type":"WebPage","@id":"https:\/\/climrchaud.fr\/index.php\/isolation-thermique-exterieur\/","url":"https:\/\/climrchaud.fr\/index.php\/isolation-thermique-exterieur\/","name":"Isolation thermique par l'ext\u00e9rieur - Groupe ECO THERM - Installation de chauffage ou de climatisation","isPartOf":{"@id":"https:\/\/climrchaud.fr\/#website"},"primaryImageOfPage":{"@id":"https:\/\/climrchaud.fr\/index.php\/isolation-thermique-exterieur\/#primaryimage"},"image":{"@id":"https:\/\/climrchaud.fr\/index.php\/isolation-thermique-exterieur\/#primaryimage"},"thumbnailUrl":"https:\/\/climrchaud.fr\/wp-content\/uploads\/2023\/04\/5884be17c774633f699ebbac8e4c05dd-e1682598492326.jpg","datePublished":"2023-04-27T09:23:39+00:00","dateModified":"2023-05-02T10:02:42+00:00","breadcrumb":{"@id":"https:\/\/climrchaud.fr\/index.php\/isolation-thermique-exterieur\/#breadcrumb"},"inLanguage":"fr-FR","potentialAction":[{"@type":"ReadAction","target":["https:\/\/climrchaud.fr\/index.php\/isolation-thermique-exterieur\/"]}]},{"@type":"ImageObject","inLanguage":"fr-FR","@id":"https:\/\/climrchaud.fr\/index.php\/isolation-thermique-exterieur\/#primaryimage","url":"https:\/\/climrchaud.fr\/wp-content\/uploads\/2023\/04\/5884be17c774633f699ebbac8e4c05dd-e1682598492326.jpg","contentUrl":"https:\/\/climrchaud.fr\/wp-content\/uploads\/2023\/04\/5884be17c774633f699ebbac8e4c05dd-e1682598492326.jpg","width":564,"height":386},{"@type":"BreadcrumbList","@id":"https:\/\/climrchaud.fr\/index.php\/isolation-thermique-exterieur\/#breadcrumb","itemListElement":[{"@type":"ListItem","position":1,"name":"Accueil","item":"https:\/\/climrchaud.fr\/"},{"@type":"ListItem","position":2,"name":"Isolation thermique par l&rsquo;ext\u00e9rieur"}]},{"@type":"WebSite","@id":"https:\/\/climrchaud.fr\/#website","url":"https:\/\/climrchaud.fr\/","name":"Clim'R Chaud - Installation de chauffages et de climatisations","description":"","publisher":{"@id":"https:\/\/climrchaud.fr\/#organization"},"potentialAction":[{"@type":"SearchAction","target":{"@type":"EntryPoint","urlTemplate":"https:\/\/climrchaud.fr\/?s={search_term_string}"},"query-input":{"@type":"PropertyValueSpecification","valueRequired":true,"valueName":"search_term_string"}}],"inLanguage":"fr-FR"},{"@type":"Organization","@id":"https:\/\/climrchaud.fr\/#organization","name":"Clim'R Chaud - Installation de chauffages et de climatisations","url":"https:\/\/climrchaud.fr\/","logo":{"@type":"ImageObject","inLanguage":"fr-FR","@id":"https:\/\/climrchaud.fr\/#\/schema\/logo\/image\/","url":"https:\/\/climrchaud.fr\/wp-content\/uploads\/2023\/04\/cropped-groupecotherm-1.png","contentUrl":"https:\/\/climrchaud.fr\/wp-content\/uploads\/2023\/04\/cropped-groupecotherm-1.png","width":500,"height":192,"caption":"Clim'R Chaud - Installation de chauffages et de climatisations"},"image":{"@id":"https:\/\/climrchaud.fr\/#\/schema\/logo\/image\/"}}]}},"_links":{"self":[{"href":"https:\/\/climrchaud.fr\/index.php\/wp-json\/wp\/v2\/pages\/1218","targetHints":{"allow":["GET"]}}],"collection":[{"href":"https:\/\/climrchaud.fr\/index.php\/wp-json\/wp\/v2\/pages"}],"about":[{"href":"https:\/\/climrchaud.fr\/index.php\/wp-json\/wp\/v2\/types\/page"}],"author":[{"embeddable":true,"href":"https:\/\/climrchaud.fr\/index.php\/wp-json\/wp\/v2\/users\/1"}],"replies":[{"embeddable":true,"href":"https:\/\/climrchaud.fr\/index.php\/wp-json\/wp\/v2\/comments?post=1218"}],"version-history":[{"count":10,"href":"https:\/\/climrchaud.fr\/index.php\/wp-json\/wp\/v2\/pages\/1218\/revisions"}],"predecessor-version":[{"id":1352,"href":"https:\/\/climrchaud.fr\/index.php\/wp-json\/wp\/v2\/pages\/1218\/revisions\/1352"}],"wp:attachment":[{"href":"https:\/\/climrchaud.fr\/index.php\/wp-json\/wp\/v2\/media?parent=1218"}],"curies":[{"name":"wp","href":"https:\/\/api.w.org\/{rel}","templated":true}]}}