{"id":1217,"date":"2023-04-27T11:23:31","date_gmt":"2023-04-27T09:23:31","guid":{"rendered":"https:\/\/climrchaud.fr\/?page_id=1217"},"modified":"2023-04-27T12:02:49","modified_gmt":"2023-04-27T10:02:49","slug":"panneaux-photovoltaiques","status":"publish","type":"page","link":"https:\/\/climrchaud.fr\/index.php\/panneaux-photovoltaiques\/","title":{"rendered":"Panneaux photovolta\u00efques"},"content":{"rendered":"\t\t<div data-elementor-type=\"wp-page\" data-elementor-id=\"1217\" class=\"elementor elementor-1217\">\n\t\t\t\t\t\t<section class=\"elementor-section elementor-top-section elementor-element elementor-element-4be2d45 elementor-section-boxed elementor-section-height-default elementor-section-height-default\" data-id=\"4be2d45\" data-element_type=\"section\" data-e-type=\"section\" data-settings=\"{&quot;background_background&quot;:&quot;classic&quot;}\">\n\t\t\t\t\t\t\t<div class=\"elementor-background-overlay\"><\/div>\n\t\t\t\t\t\t\t<div class=\"elementor-container elementor-column-gap-no\">\n\t\t\t\t\t<div class=\"elementor-column elementor-col-100 elementor-top-column elementor-element elementor-element-a085dea\" data-id=\"a085dea\" data-element_type=\"column\" data-e-type=\"column\">\n\t\t\t<div class=\"elementor-widget-wrap elementor-element-populated\">\n\t\t\t\t\t\t<div class=\"elementor-element elementor-element-cc435a4 elementor-widget elementor-widget-heading\" data-id=\"cc435a4\" data-element_type=\"widget\" data-e-type=\"widget\" data-widget_type=\"heading.default\">\n\t\t\t\t<div class=\"elementor-widget-container\">\n\t\t\t\t\t<h1 class=\"elementor-heading-title elementor-size-default\">Les panneaux photovolta\u00efques<\/h1>\t\t\t\t<\/div>\n\t\t\t\t<\/div>\n\t\t\t\t\t<\/div>\n\t\t<\/div>\n\t\t\t\t\t<\/div>\n\t\t<\/section>\n\t\t\t\t<section class=\"elementor-section elementor-top-section elementor-element elementor-element-bf562ad elementor-section-boxed elementor-section-height-default elementor-section-height-default\" data-id=\"bf562ad\" data-element_type=\"section\" data-e-type=\"section\" data-settings=\"{&quot;background_background&quot;:&quot;classic&quot;}\">\n\t\t\t\t\t\t<div class=\"elementor-container elementor-column-gap-default\">\n\t\t\t\t\t<div class=\"elementor-column elementor-col-100 elementor-top-column elementor-element elementor-element-1edb875\" data-id=\"1edb875\" data-element_type=\"column\" data-e-type=\"column\">\n\t\t\t<div class=\"elementor-widget-wrap elementor-element-populated\">\n\t\t\t\t\t\t<div class=\"elementor-element elementor-element-68713ef elementor-widget elementor-widget-spacer\" data-id=\"68713ef\" data-element_type=\"widget\" data-e-type=\"widget\" data-widget_type=\"spacer.default\">\n\t\t\t\t<div class=\"elementor-widget-container\">\n\t\t\t\t\t\t\t<div class=\"elementor-spacer\">\n\t\t\t<div class=\"elementor-spacer-inner\"><\/div>\n\t\t<\/div>\n\t\t\t\t\t\t<\/div>\n\t\t\t\t<\/div>\n\t\t\t\t<div class=\"elementor-element elementor-element-4c62d04 elementor-widget elementor-widget-text-editor\" data-id=\"4c62d04\" data-element_type=\"widget\" data-e-type=\"widget\" data-widget_type=\"text-editor.default\">\n\t\t\t\t<div class=\"elementor-widget-container\">\n\t\t\t\t\t\t\t\t\t<p>L\u2019\u00e9nergie solaire photovolta\u00efque est une \u00e9nergie \u00e9lectrique produite \u00e0 partir du rayonnement solaire gr\u00e2ce \u00e0 des panneaux ou des centrales solaires photovolta\u00efques. Elle est dite renouvelable, car sa source est consid\u00e9r\u00e9e comme in\u00e9puisable \u00e0 l\u2019\u00e9chelle du temps humain.<\/p><p>Gr\u00e2ce \u00e0 des mat\u00e9riaux dits \u00ab\u00a0semi-conducteurs\u00a0\u00bb, les\u00a0<b>panneaux photovolta\u00efques<\/b>\u00a0produisent de l\u2019\u00e9lectricit\u00e9 lorsqu\u2019ils\u00a0<b>sont<\/b>\u00a0\u00e9clair\u00e9s par le soleil. Les cellules qui les composent transforment l\u2019\u00e9nergie\u00a0<b>solaire<\/b>\u00a0en un courant continu.<\/p>\t\t\t\t\t\t\t\t<\/div>\n\t\t\t\t<\/div>\n\t\t\t\t<div class=\"elementor-element elementor-element-ff75862 elementor-widget elementor-widget-text-editor\" data-id=\"ff75862\" data-element_type=\"widget\" data-e-type=\"widget\" data-widget_type=\"text-editor.default\">\n\t\t\t\t<div class=\"elementor-widget-container\">\n\t\t\t\t\t\t\t\t\t<ul><li><strong>Vous devenez autonome en production et en consommation d\u2019\u00e9nergie.<\/strong><\/li><li><b>Vous faites d\u2019\u00e9normes \u00e9conomies sur vos factures.<\/b><\/li><li><b>Vous r\u00e9duisez votre empreinte \u00e9cologique !<br \/><\/b><b><\/b><\/li><li><b>Votre maison prend de la valeur.\u00a0<\/b><\/li><li><b>Vous pouvez vendre votre surplus d\u2019\u00e9lectricit\u00e9\u00a0<\/b><\/li><\/ul>\t\t\t\t\t\t\t\t<\/div>\n\t\t\t\t<\/div>\n\t\t\t\t<div class=\"elementor-element elementor-element-f5e5086 elementor-widget-divider--view-line elementor-widget elementor-widget-divider\" data-id=\"f5e5086\" data-element_type=\"widget\" data-e-type=\"widget\" data-widget_type=\"divider.default\">\n\t\t\t\t<div class=\"elementor-widget-container\">\n\t\t\t\t\t\t\t<div class=\"elementor-divider\">\n\t\t\t<span class=\"elementor-divider-separator\">\n\t\t\t\t\t\t<\/span>\n\t\t<\/div>\n\t\t\t\t\t\t<\/div>\n\t\t\t\t<\/div>\n\t\t\t\t\t<\/div>\n\t\t<\/div>\n\t\t\t\t\t<\/div>\n\t\t<\/section>\n\t\t\t\t<section class=\"elementor-section elementor-top-section elementor-element elementor-element-28464e9 elementor-section-boxed elementor-section-height-default elementor-section-height-default\" data-id=\"28464e9\" data-element_type=\"section\" data-e-type=\"section\">\n\t\t\t\t\t\t<div class=\"elementor-container elementor-column-gap-default\">\n\t\t\t\t\t<div class=\"elementor-column elementor-col-50 elementor-top-column elementor-element elementor-element-b896240\" data-id=\"b896240\" data-element_type=\"column\" data-e-type=\"column\">\n\t\t\t<div class=\"elementor-widget-wrap elementor-element-populated\">\n\t\t\t\t\t\t<div class=\"elementor-element elementor-element-7cd12f0 elementor-widget elementor-widget-image\" data-id=\"7cd12f0\" data-element_type=\"widget\" data-e-type=\"widget\" data-widget_type=\"image.default\">\n\t\t\t\t<div class=\"elementor-widget-container\">\n\t\t\t\t\t\t\t\t\t\t\t\t\t\t\t<img fetchpriority=\"high\" decoding=\"async\" width=\"1024\" height=\"718\" src=\"https:\/\/climrchaud.fr\/wp-content\/uploads\/2023\/04\/Panneaux-solaires-photovoltaiques-sur-le-toit-dune-maison-avec-une-couverture-en-ardoise-min-1-1024x718.png\" class=\"attachment-large size-large wp-image-1235\" alt=\"\" srcset=\"https:\/\/climrchaud.fr\/wp-content\/uploads\/2023\/04\/Panneaux-solaires-photovoltaiques-sur-le-toit-dune-maison-avec-une-couverture-en-ardoise-min-1-1024x718.png 1024w, https:\/\/climrchaud.fr\/wp-content\/uploads\/2023\/04\/Panneaux-solaires-photovoltaiques-sur-le-toit-dune-maison-avec-une-couverture-en-ardoise-min-1-300x210.png 300w, https:\/\/climrchaud.fr\/wp-content\/uploads\/2023\/04\/Panneaux-solaires-photovoltaiques-sur-le-toit-dune-maison-avec-une-couverture-en-ardoise-min-1-768x538.png 768w, https:\/\/climrchaud.fr\/wp-content\/uploads\/2023\/04\/Panneaux-solaires-photovoltaiques-sur-le-toit-dune-maison-avec-une-couverture-en-ardoise-min-1.png 1481w\" sizes=\"(max-width: 1024px) 100vw, 1024px\" \/>\t\t\t\t\t\t\t\t\t\t\t\t\t\t\t<\/div>\n\t\t\t\t<\/div>\n\t\t\t\t\t<\/div>\n\t\t<\/div>\n\t\t\t\t<div class=\"elementor-column elementor-col-50 elementor-top-column elementor-element elementor-element-061e2fa\" data-id=\"061e2fa\" data-element_type=\"column\" data-e-type=\"column\">\n\t\t\t<div class=\"elementor-widget-wrap elementor-element-populated\">\n\t\t\t\t\t\t<div class=\"elementor-element elementor-element-af31023 elementor-widget elementor-widget-heading\" data-id=\"af31023\" data-element_type=\"widget\" data-e-type=\"widget\" data-widget_type=\"heading.default\">\n\t\t\t\t<div class=\"elementor-widget-container\">\n\t\t\t\t\t<h5 class=\"elementor-heading-title elementor-size-default\">\u00c9conomisez jusqu'\u00e0 75% sur votre facture d'\u00e9nergie, devenez autosuffisant !\n<\/h5>\t\t\t\t<\/div>\n\t\t\t\t<\/div>\n\t\t\t\t<div class=\"elementor-element elementor-element-183755b elementor-widget elementor-widget-text-editor\" data-id=\"183755b\" data-element_type=\"widget\" data-e-type=\"widget\" data-widget_type=\"text-editor.default\">\n\t\t\t\t<div class=\"elementor-widget-container\">\n\t\t\t\t\t\t\t\t\t<p><span style=\"font-size: 16px; font-style: inherit; font-weight: inherit; background-color: var(--ast-global-color-4); color: var(--ast-global-color-3);\">L\u2019un des nombreux avantages des panneaux photovolta\u00efques est \u00e9galement leur r\u00e9sistance \u00e9lectrique. Ils sont con\u00e7us pour r\u00e9sister aux intemp\u00e9ries, produire de l\u2019\u00e9lectricit\u00e9 pendant trente ans et sont garantis pour durer plus de quinze ans.<\/span><\/p>\t\t\t\t\t\t\t\t<\/div>\n\t\t\t\t<\/div>\n\t\t\t\t<div class=\"elementor-element elementor-element-ccfbfc6 elementor-widget elementor-widget-button\" data-id=\"ccfbfc6\" data-element_type=\"widget\" data-e-type=\"widget\" data-widget_type=\"button.default\">\n\t\t\t\t<div class=\"elementor-widget-container\">\n\t\t\t\t\t\t\t\t\t<div class=\"elementor-button-wrapper\">\n\t\t\t\t\t<a class=\"elementor-button elementor-button-link elementor-size-sm\" href=\"https:\/\/form.jotform.com\/230294695839370\">\n\t\t\t\t\t\t<span class=\"elementor-button-content-wrapper\">\n\t\t\t\t\t\t\t\t\t<span class=\"elementor-button-text\">REMPLIR CE FORMULAIRE POUR \u00eatre contact\u00e9<\/span>\n\t\t\t\t\t<\/span>\n\t\t\t\t\t<\/a>\n\t\t\t\t<\/div>\n\t\t\t\t\t\t\t\t<\/div>\n\t\t\t\t<\/div>\n\t\t\t\t\t<\/div>\n\t\t<\/div>\n\t\t\t\t\t<\/div>\n\t\t<\/section>\n\t\t\t\t<section class=\"elementor-section elementor-top-section elementor-element elementor-element-38c3cbe elementor-section-boxed elementor-section-height-default elementor-section-height-default\" data-id=\"38c3cbe\" data-element_type=\"section\" data-e-type=\"section\">\n\t\t\t\t\t\t<div class=\"elementor-container elementor-column-gap-default\">\n\t\t\t\t\t<div class=\"elementor-column elementor-col-100 elementor-top-column elementor-element elementor-element-a9d70af\" data-id=\"a9d70af\" data-element_type=\"column\" data-e-type=\"column\">\n\t\t\t<div class=\"elementor-widget-wrap elementor-element-populated\">\n\t\t\t\t\t\t<div class=\"elementor-element elementor-element-74f7979 elementor-widget elementor-widget-spacer\" data-id=\"74f7979\" data-element_type=\"widget\" data-e-type=\"widget\" data-widget_type=\"spacer.default\">\n\t\t\t\t<div class=\"elementor-widget-container\">\n\t\t\t\t\t\t\t<div class=\"elementor-spacer\">\n\t\t\t<div class=\"elementor-spacer-inner\"><\/div>\n\t\t<\/div>\n\t\t\t\t\t\t<\/div>\n\t\t\t\t<\/div>\n\t\t\t\t\t<\/div>\n\t\t<\/div>\n\t\t\t\t\t<\/div>\n\t\t<\/section>\n\t\t\t\t<\/div>\n\t\t","protected":false},"excerpt":{"rendered":"<p>Les panneaux photovolta\u00efques L\u2019\u00e9nergie solaire photovolta\u00efque est une \u00e9nergie \u00e9lectrique produite \u00e0 partir du rayonnement solaire gr\u00e2ce \u00e0 des panneaux ou des centrales solaires photovolta\u00efques. Elle est dite renouvelable, car sa source est consid\u00e9r\u00e9e comme in\u00e9puisable \u00e0 l\u2019\u00e9chelle du temps humain. Gr\u00e2ce \u00e0 des mat\u00e9riaux dits \u00ab\u00a0semi-conducteurs\u00a0\u00bb, les\u00a0panneaux photovolta\u00efques\u00a0produisent de l\u2019\u00e9lectricit\u00e9 lorsqu\u2019ils\u00a0sont\u00a0\u00e9clair\u00e9s par le soleil. [&hellip;]<\/p>\n","protected":false},"author":1,"featured_media":0,"parent":0,"menu_order":0,"comment_status":"closed","ping_status":"closed","template":"","meta":{"site-sidebar-layout":"no-sidebar","site-content-layout":"page-builder","ast-site-content-layout":"","site-content-style":"default","site-sidebar-style":"default","ast-global-header-display":"","ast-banner-title-visibility":"","ast-main-header-display":"","ast-hfb-above-header-display":"","ast-hfb-below-header-display":"","ast-hfb-mobile-header-display":"","site-post-title":"disabled","ast-breadcrumbs-content":"disabled","ast-featured-img":"disabled","footer-sml-layout":"","theme-transparent-header-meta":"enabled","adv-header-id-meta":"","stick-header-meta":"","header-above-stick-meta":"","header-main-stick-meta":"","header-below-stick-meta":"","astra-migrate-meta-layouts":"default","ast-page-background-enabled":"default","ast-page-background-meta":{"desktop":{"background-color":"","background-image":"","background-repeat":"repeat","background-position":"center center","background-size":"auto","background-attachment":"scroll","background-type":"","background-media":"","overlay-type":"","overlay-color":"","overlay-opacity":"","overlay-gradient":""},"tablet":{"background-color":"","background-image":"","background-repeat":"repeat","background-position":"center center","background-size":"auto","background-attachment":"scroll","background-type":"","background-media":"","overlay-type":"","overlay-color":"","overlay-opacity":"","overlay-gradient":""},"mobile":{"background-color":"","background-image":"","background-repeat":"repeat","background-position":"center center","background-size":"auto","background-attachment":"scroll","background-type":"","background-media":"","overlay-type":"","overlay-color":"","overlay-opacity":"","overlay-gradient":""}},"ast-content-background-meta":{"desktop":{"background-color":"var(--ast-global-color-5)","background-image":"","background-repeat":"repeat","background-position":"center center","background-size":"auto","background-attachment":"scroll","background-type":"","background-media":"","overlay-type":"","overlay-color":"","overlay-opacity":"","overlay-gradient":""},"tablet":{"background-color":"var(--ast-global-color-5)","background-image":"","background-repeat":"repeat","background-position":"center center","background-size":"auto","background-attachment":"scroll","background-type":"","background-media":"","overlay-type":"","overlay-color":"","overlay-opacity":"","overlay-gradient":""},"mobile":{"background-color":"var(--ast-global-color-5)","background-image":"","background-repeat":"repeat","background-position":"center center","background-size":"auto","background-attachment":"scroll","background-type":"","background-media":"","overlay-type":"","overlay-color":"","overlay-opacity":"","overlay-gradient":""}},"iawp_total_views":262,"footnotes":""},"class_list":["post-1217","page","type-page","status-publish","hentry"],"yoast_head":"<!-- This site is optimized with the Yoast SEO plugin v27.4 - https:\/\/yoast.com\/product\/yoast-seo-wordpress\/ -->\n<title>Panneaux photovolta\u00efques - Groupe ECO THERM - Installation de chauffage ou de climatisation<\/title>\n<meta name=\"robots\" content=\"index, follow, max-snippet:-1, max-image-preview:large, max-video-preview:-1\" \/>\n<link rel=\"canonical\" href=\"https:\/\/climrchaud.fr\/index.php\/panneaux-photovoltaiques\/\" \/>\n<meta property=\"og:locale\" content=\"fr_FR\" \/>\n<meta property=\"og:type\" content=\"article\" \/>\n<meta property=\"og:title\" content=\"Panneaux photovolta\u00efques - Groupe ECO THERM - Installation de chauffage ou de climatisation\" \/>\n<meta property=\"og:description\" content=\"Les panneaux photovolta\u00efques L\u2019\u00e9nergie solaire photovolta\u00efque est une \u00e9nergie \u00e9lectrique produite \u00e0 partir du rayonnement solaire gr\u00e2ce \u00e0 des panneaux ou des centrales solaires photovolta\u00efques. Elle est dite renouvelable, car sa source est consid\u00e9r\u00e9e comme in\u00e9puisable \u00e0 l\u2019\u00e9chelle du temps humain. Gr\u00e2ce \u00e0 des mat\u00e9riaux dits \u00ab\u00a0semi-conducteurs\u00a0\u00bb, les\u00a0panneaux photovolta\u00efques\u00a0produisent de l\u2019\u00e9lectricit\u00e9 lorsqu\u2019ils\u00a0sont\u00a0\u00e9clair\u00e9s par le soleil. [&hellip;]\" \/>\n<meta property=\"og:url\" content=\"https:\/\/climrchaud.fr\/index.php\/panneaux-photovoltaiques\/\" \/>\n<meta property=\"og:site_name\" content=\"Groupe ECO THERM - Installation de chauffage ou de climatisation\" \/>\n<meta property=\"article:modified_time\" content=\"2023-04-27T10:02:49+00:00\" \/>\n<meta property=\"og:image\" content=\"https:\/\/climrchaud.fr\/wp-content\/uploads\/2023\/04\/Panneaux-solaires-photovoltaiques-sur-le-toit-dune-maison-avec-une-couverture-en-ardoise-min-1-1024x718.png\" \/>\n<meta name=\"twitter:card\" content=\"summary_large_image\" \/>\n<meta name=\"twitter:label1\" content=\"Dur\u00e9e de lecture estim\u00e9e\" \/>\n\t<meta name=\"twitter:data1\" content=\"1 minute\" \/>\n<script type=\"application\/ld+json\" class=\"yoast-schema-graph\">{\"@context\":\"https:\\\/\\\/schema.org\",\"@graph\":[{\"@type\":\"WebPage\",\"@id\":\"https:\\\/\\\/climrchaud.fr\\\/index.php\\\/panneaux-photovoltaiques\\\/\",\"url\":\"https:\\\/\\\/climrchaud.fr\\\/index.php\\\/panneaux-photovoltaiques\\\/\",\"name\":\"Panneaux photovolta\u00efques - Groupe ECO THERM - Installation de chauffage ou de climatisation\",\"isPartOf\":{\"@id\":\"https:\\\/\\\/climrchaud.fr\\\/#website\"},\"primaryImageOfPage\":{\"@id\":\"https:\\\/\\\/climrchaud.fr\\\/index.php\\\/panneaux-photovoltaiques\\\/#primaryimage\"},\"image\":{\"@id\":\"https:\\\/\\\/climrchaud.fr\\\/index.php\\\/panneaux-photovoltaiques\\\/#primaryimage\"},\"thumbnailUrl\":\"https:\\\/\\\/climrchaud.fr\\\/wp-content\\\/uploads\\\/2023\\\/04\\\/Panneaux-solaires-photovoltaiques-sur-le-toit-dune-maison-avec-une-couverture-en-ardoise-min-1-1024x718.png\",\"datePublished\":\"2023-04-27T09:23:31+00:00\",\"dateModified\":\"2023-04-27T10:02:49+00:00\",\"breadcrumb\":{\"@id\":\"https:\\\/\\\/climrchaud.fr\\\/index.php\\\/panneaux-photovoltaiques\\\/#breadcrumb\"},\"inLanguage\":\"fr-FR\",\"potentialAction\":[{\"@type\":\"ReadAction\",\"target\":[\"https:\\\/\\\/climrchaud.fr\\\/index.php\\\/panneaux-photovoltaiques\\\/\"]}]},{\"@type\":\"ImageObject\",\"inLanguage\":\"fr-FR\",\"@id\":\"https:\\\/\\\/climrchaud.fr\\\/index.php\\\/panneaux-photovoltaiques\\\/#primaryimage\",\"url\":\"https:\\\/\\\/climrchaud.fr\\\/wp-content\\\/uploads\\\/2023\\\/04\\\/Panneaux-solaires-photovoltaiques-sur-le-toit-dune-maison-avec-une-couverture-en-ardoise-min-1.png\",\"contentUrl\":\"https:\\\/\\\/climrchaud.fr\\\/wp-content\\\/uploads\\\/2023\\\/04\\\/Panneaux-solaires-photovoltaiques-sur-le-toit-dune-maison-avec-une-couverture-en-ardoise-min-1.png\",\"width\":1481,\"height\":1038},{\"@type\":\"BreadcrumbList\",\"@id\":\"https:\\\/\\\/climrchaud.fr\\\/index.php\\\/panneaux-photovoltaiques\\\/#breadcrumb\",\"itemListElement\":[{\"@type\":\"ListItem\",\"position\":1,\"name\":\"Accueil\",\"item\":\"https:\\\/\\\/climrchaud.fr\\\/\"},{\"@type\":\"ListItem\",\"position\":2,\"name\":\"Panneaux photovolta\u00efques\"}]},{\"@type\":\"WebSite\",\"@id\":\"https:\\\/\\\/climrchaud.fr\\\/#website\",\"url\":\"https:\\\/\\\/climrchaud.fr\\\/\",\"name\":\"Clim'R Chaud - Installation de chauffages et de climatisations\",\"description\":\"\",\"publisher\":{\"@id\":\"https:\\\/\\\/climrchaud.fr\\\/#organization\"},\"potentialAction\":[{\"@type\":\"SearchAction\",\"target\":{\"@type\":\"EntryPoint\",\"urlTemplate\":\"https:\\\/\\\/climrchaud.fr\\\/?s={search_term_string}\"},\"query-input\":{\"@type\":\"PropertyValueSpecification\",\"valueRequired\":true,\"valueName\":\"search_term_string\"}}],\"inLanguage\":\"fr-FR\"},{\"@type\":\"Organization\",\"@id\":\"https:\\\/\\\/climrchaud.fr\\\/#organization\",\"name\":\"Clim'R Chaud - Installation de chauffages et de climatisations\",\"url\":\"https:\\\/\\\/climrchaud.fr\\\/\",\"logo\":{\"@type\":\"ImageObject\",\"inLanguage\":\"fr-FR\",\"@id\":\"https:\\\/\\\/climrchaud.fr\\\/#\\\/schema\\\/logo\\\/image\\\/\",\"url\":\"https:\\\/\\\/climrchaud.fr\\\/wp-content\\\/uploads\\\/2023\\\/04\\\/cropped-groupecotherm-1.png\",\"contentUrl\":\"https:\\\/\\\/climrchaud.fr\\\/wp-content\\\/uploads\\\/2023\\\/04\\\/cropped-groupecotherm-1.png\",\"width\":500,\"height\":192,\"caption\":\"Clim'R Chaud - Installation de chauffages et de climatisations\"},\"image\":{\"@id\":\"https:\\\/\\\/climrchaud.fr\\\/#\\\/schema\\\/logo\\\/image\\\/\"}}]}<\/script>\n<!-- \/ Yoast SEO plugin. -->","yoast_head_json":{"title":"Panneaux photovolta\u00efques - Groupe ECO THERM - Installation de chauffage ou de climatisation","robots":{"index":"index","follow":"follow","max-snippet":"max-snippet:-1","max-image-preview":"max-image-preview:large","max-video-preview":"max-video-preview:-1"},"canonical":"https:\/\/climrchaud.fr\/index.php\/panneaux-photovoltaiques\/","og_locale":"fr_FR","og_type":"article","og_title":"Panneaux photovolta\u00efques - Groupe ECO THERM - Installation de chauffage ou de climatisation","og_description":"Les panneaux photovolta\u00efques L\u2019\u00e9nergie solaire photovolta\u00efque est une \u00e9nergie \u00e9lectrique produite \u00e0 partir du rayonnement solaire gr\u00e2ce \u00e0 des panneaux ou des centrales solaires photovolta\u00efques. Elle est dite renouvelable, car sa source est consid\u00e9r\u00e9e comme in\u00e9puisable \u00e0 l\u2019\u00e9chelle du temps humain. Gr\u00e2ce \u00e0 des mat\u00e9riaux dits \u00ab\u00a0semi-conducteurs\u00a0\u00bb, les\u00a0panneaux photovolta\u00efques\u00a0produisent de l\u2019\u00e9lectricit\u00e9 lorsqu\u2019ils\u00a0sont\u00a0\u00e9clair\u00e9s par le soleil. [&hellip;]","og_url":"https:\/\/climrchaud.fr\/index.php\/panneaux-photovoltaiques\/","og_site_name":"Groupe ECO THERM - Installation de chauffage ou de climatisation","article_modified_time":"2023-04-27T10:02:49+00:00","og_image":[{"url":"https:\/\/climrchaud.fr\/wp-content\/uploads\/2023\/04\/Panneaux-solaires-photovoltaiques-sur-le-toit-dune-maison-avec-une-couverture-en-ardoise-min-1-1024x718.png","type":"","width":"","height":""}],"twitter_card":"summary_large_image","twitter_misc":{"Dur\u00e9e de lecture estim\u00e9e":"1 minute"},"schema":{"@context":"https:\/\/schema.org","@graph":[{"@type":"WebPage","@id":"https:\/\/climrchaud.fr\/index.php\/panneaux-photovoltaiques\/","url":"https:\/\/climrchaud.fr\/index.php\/panneaux-photovoltaiques\/","name":"Panneaux photovolta\u00efques - Groupe ECO THERM - Installation de chauffage ou de climatisation","isPartOf":{"@id":"https:\/\/climrchaud.fr\/#website"},"primaryImageOfPage":{"@id":"https:\/\/climrchaud.fr\/index.php\/panneaux-photovoltaiques\/#primaryimage"},"image":{"@id":"https:\/\/climrchaud.fr\/index.php\/panneaux-photovoltaiques\/#primaryimage"},"thumbnailUrl":"https:\/\/climrchaud.fr\/wp-content\/uploads\/2023\/04\/Panneaux-solaires-photovoltaiques-sur-le-toit-dune-maison-avec-une-couverture-en-ardoise-min-1-1024x718.png","datePublished":"2023-04-27T09:23:31+00:00","dateModified":"2023-04-27T10:02:49+00:00","breadcrumb":{"@id":"https:\/\/climrchaud.fr\/index.php\/panneaux-photovoltaiques\/#breadcrumb"},"inLanguage":"fr-FR","potentialAction":[{"@type":"ReadAction","target":["https:\/\/climrchaud.fr\/index.php\/panneaux-photovoltaiques\/"]}]},{"@type":"ImageObject","inLanguage":"fr-FR","@id":"https:\/\/climrchaud.fr\/index.php\/panneaux-photovoltaiques\/#primaryimage","url":"https:\/\/climrchaud.fr\/wp-content\/uploads\/2023\/04\/Panneaux-solaires-photovoltaiques-sur-le-toit-dune-maison-avec-une-couverture-en-ardoise-min-1.png","contentUrl":"https:\/\/climrchaud.fr\/wp-content\/uploads\/2023\/04\/Panneaux-solaires-photovoltaiques-sur-le-toit-dune-maison-avec-une-couverture-en-ardoise-min-1.png","width":1481,"height":1038},{"@type":"BreadcrumbList","@id":"https:\/\/climrchaud.fr\/index.php\/panneaux-photovoltaiques\/#breadcrumb","itemListElement":[{"@type":"ListItem","position":1,"name":"Accueil","item":"https:\/\/climrchaud.fr\/"},{"@type":"ListItem","position":2,"name":"Panneaux photovolta\u00efques"}]},{"@type":"WebSite","@id":"https:\/\/climrchaud.fr\/#website","url":"https:\/\/climrchaud.fr\/","name":"Clim'R Chaud - Installation de chauffages et de climatisations","description":"","publisher":{"@id":"https:\/\/climrchaud.fr\/#organization"},"potentialAction":[{"@type":"SearchAction","target":{"@type":"EntryPoint","urlTemplate":"https:\/\/climrchaud.fr\/?s={search_term_string}"},"query-input":{"@type":"PropertyValueSpecification","valueRequired":true,"valueName":"search_term_string"}}],"inLanguage":"fr-FR"},{"@type":"Organization","@id":"https:\/\/climrchaud.fr\/#organization","name":"Clim'R Chaud - Installation de chauffages et de climatisations","url":"https:\/\/climrchaud.fr\/","logo":{"@type":"ImageObject","inLanguage":"fr-FR","@id":"https:\/\/climrchaud.fr\/#\/schema\/logo\/image\/","url":"https:\/\/climrchaud.fr\/wp-content\/uploads\/2023\/04\/cropped-groupecotherm-1.png","contentUrl":"https:\/\/climrchaud.fr\/wp-content\/uploads\/2023\/04\/cropped-groupecotherm-1.png","width":500,"height":192,"caption":"Clim'R Chaud - Installation de chauffages et de climatisations"},"image":{"@id":"https:\/\/climrchaud.fr\/#\/schema\/logo\/image\/"}}]}},"_links":{"self":[{"href":"https:\/\/climrchaud.fr\/index.php\/wp-json\/wp\/v2\/pages\/1217","targetHints":{"allow":["GET"]}}],"collection":[{"href":"https:\/\/climrchaud.fr\/index.php\/wp-json\/wp\/v2\/pages"}],"about":[{"href":"https:\/\/climrchaud.fr\/index.php\/wp-json\/wp\/v2\/types\/page"}],"author":[{"embeddable":true,"href":"https:\/\/climrchaud.fr\/index.php\/wp-json\/wp\/v2\/users\/1"}],"replies":[{"embeddable":true,"href":"https:\/\/climrchaud.fr\/index.php\/wp-json\/wp\/v2\/comments?post=1217"}],"version-history":[{"count":13,"href":"https:\/\/climrchaud.fr\/index.php\/wp-json\/wp\/v2\/pages\/1217\/revisions"}],"predecessor-version":[{"id":1300,"href":"https:\/\/climrchaud.fr\/index.php\/wp-json\/wp\/v2\/pages\/1217\/revisions\/1300"}],"wp:attachment":[{"href":"https:\/\/climrchaud.fr\/index.php\/wp-json\/wp\/v2\/media?parent=1217"}],"curies":[{"name":"wp","href":"https:\/\/api.w.org\/{rel}","templated":true}]}}