{"id":1216,"date":"2023-04-27T11:23:26","date_gmt":"2023-04-27T09:23:26","guid":{"rendered":"https:\/\/climrchaud.fr\/?page_id=1216"},"modified":"2023-04-27T12:03:19","modified_gmt":"2023-04-27T10:03:19","slug":"entretien-de-toiture","status":"publish","type":"page","link":"https:\/\/climrchaud.fr\/index.php\/entretien-de-toiture\/","title":{"rendered":"Entretien de toiture"},"content":{"rendered":"\t\t<div data-elementor-type=\"wp-page\" data-elementor-id=\"1216\" class=\"elementor elementor-1216\">\n\t\t\t\t\t\t<section class=\"elementor-section elementor-top-section elementor-element elementor-element-4be2d45 elementor-section-boxed elementor-section-height-default elementor-section-height-default\" data-id=\"4be2d45\" data-element_type=\"section\" data-e-type=\"section\" data-settings=\"{&quot;background_background&quot;:&quot;classic&quot;}\">\n\t\t\t\t\t\t\t<div class=\"elementor-background-overlay\"><\/div>\n\t\t\t\t\t\t\t<div class=\"elementor-container elementor-column-gap-no\">\n\t\t\t\t\t<div class=\"elementor-column elementor-col-100 elementor-top-column elementor-element elementor-element-a085dea\" data-id=\"a085dea\" data-element_type=\"column\" data-e-type=\"column\">\n\t\t\t<div class=\"elementor-widget-wrap elementor-element-populated\">\n\t\t\t\t\t\t<div class=\"elementor-element elementor-element-cc435a4 elementor-widget elementor-widget-heading\" data-id=\"cc435a4\" data-element_type=\"widget\" data-e-type=\"widget\" data-widget_type=\"heading.default\">\n\t\t\t\t<div class=\"elementor-widget-container\">\n\t\t\t\t\t<h1 class=\"elementor-heading-title elementor-size-default\">L'entretien de toiture<\/h1>\t\t\t\t<\/div>\n\t\t\t\t<\/div>\n\t\t\t\t\t<\/div>\n\t\t<\/div>\n\t\t\t\t\t<\/div>\n\t\t<\/section>\n\t\t\t\t<section class=\"elementor-section elementor-top-section elementor-element elementor-element-bf562ad elementor-section-boxed elementor-section-height-default elementor-section-height-default\" data-id=\"bf562ad\" data-element_type=\"section\" data-e-type=\"section\" data-settings=\"{&quot;background_background&quot;:&quot;classic&quot;}\">\n\t\t\t\t\t\t<div class=\"elementor-container elementor-column-gap-default\">\n\t\t\t\t\t<div class=\"elementor-column elementor-col-100 elementor-top-column elementor-element elementor-element-1edb875\" data-id=\"1edb875\" data-element_type=\"column\" data-e-type=\"column\">\n\t\t\t<div class=\"elementor-widget-wrap elementor-element-populated\">\n\t\t\t\t\t\t<div class=\"elementor-element elementor-element-68713ef elementor-widget elementor-widget-spacer\" data-id=\"68713ef\" data-element_type=\"widget\" data-e-type=\"widget\" data-widget_type=\"spacer.default\">\n\t\t\t\t<div class=\"elementor-widget-container\">\n\t\t\t\t\t\t\t<div class=\"elementor-spacer\">\n\t\t\t<div class=\"elementor-spacer-inner\"><\/div>\n\t\t<\/div>\n\t\t\t\t\t\t<\/div>\n\t\t\t\t<\/div>\n\t\t\t\t<div class=\"elementor-element elementor-element-6acce51 elementor-widget elementor-widget-text-editor\" data-id=\"6acce51\" data-element_type=\"widget\" data-e-type=\"widget\" data-widget_type=\"text-editor.default\">\n\t\t\t\t<div class=\"elementor-widget-container\">\n\t\t\t\t\t\t\t\t\t<p>Entretenir r\u00e9guli\u00e8rement sa toiture, qu\u2019il s\u2019agisse d\u2019un simple nettoyage ou d\u2019une r\u00e9novation plus importante, est essentiel afin que de conserver un toit \u00e9tanche et esth\u00e9tique ainsi que pour prolonger sa dur\u00e9e de vie.<\/p>\t\t\t\t\t\t\t\t<\/div>\n\t\t\t\t<\/div>\n\t\t\t\t<div class=\"elementor-element elementor-element-b7ad548 elementor-widget-divider--view-line elementor-widget elementor-widget-divider\" data-id=\"b7ad548\" data-element_type=\"widget\" data-e-type=\"widget\" data-widget_type=\"divider.default\">\n\t\t\t\t<div class=\"elementor-widget-container\">\n\t\t\t\t\t\t\t<div class=\"elementor-divider\">\n\t\t\t<span class=\"elementor-divider-separator\">\n\t\t\t\t\t\t<\/span>\n\t\t<\/div>\n\t\t\t\t\t\t<\/div>\n\t\t\t\t<\/div>\n\t\t\t\t<div class=\"elementor-element elementor-element-cc714c3 elementor-widget elementor-widget-heading\" data-id=\"cc714c3\" data-element_type=\"widget\" data-e-type=\"widget\" data-widget_type=\"heading.default\">\n\t\t\t\t<div class=\"elementor-widget-container\">\n\t\t\t\t\t<h4 class=\"elementor-heading-title elementor-size-default\">Pourquoi entretenir sa toiture ? <\/h4>\t\t\t\t<\/div>\n\t\t\t\t<\/div>\n\t\t\t\t<div class=\"elementor-element elementor-element-aa13d4f elementor-widget elementor-widget-spacer\" data-id=\"aa13d4f\" data-element_type=\"widget\" data-e-type=\"widget\" data-widget_type=\"spacer.default\">\n\t\t\t\t<div class=\"elementor-widget-container\">\n\t\t\t\t\t\t\t<div class=\"elementor-spacer\">\n\t\t\t<div class=\"elementor-spacer-inner\"><\/div>\n\t\t<\/div>\n\t\t\t\t\t\t<\/div>\n\t\t\t\t<\/div>\n\t\t\t\t\t<\/div>\n\t\t<\/div>\n\t\t\t\t\t<\/div>\n\t\t<\/section>\n\t\t\t\t<section class=\"elementor-section elementor-top-section elementor-element elementor-element-64c4824 elementor-section-boxed elementor-section-height-default elementor-section-height-default\" data-id=\"64c4824\" data-element_type=\"section\" data-e-type=\"section\">\n\t\t\t\t\t\t<div class=\"elementor-container elementor-column-gap-default\">\n\t\t\t\t\t<div class=\"elementor-column elementor-col-50 elementor-top-column elementor-element elementor-element-3b960e8\" data-id=\"3b960e8\" data-element_type=\"column\" data-e-type=\"column\">\n\t\t\t<div class=\"elementor-widget-wrap elementor-element-populated\">\n\t\t\t\t\t\t<div class=\"elementor-element elementor-element-6cb4569 elementor-widget elementor-widget-image\" data-id=\"6cb4569\" data-element_type=\"widget\" data-e-type=\"widget\" data-widget_type=\"image.default\">\n\t\t\t\t<div class=\"elementor-widget-container\">\n\t\t\t\t\t\t\t\t\t\t\t\t\t\t\t<img fetchpriority=\"high\" decoding=\"async\" width=\"640\" height=\"389\" src=\"https:\/\/climrchaud.fr\/wp-content\/uploads\/2023\/04\/tile-707887_640-1.jpg\" class=\"attachment-large size-large wp-image-1236\" alt=\"\" srcset=\"https:\/\/climrchaud.fr\/wp-content\/uploads\/2023\/04\/tile-707887_640-1.jpg 640w, https:\/\/climrchaud.fr\/wp-content\/uploads\/2023\/04\/tile-707887_640-1-300x182.jpg 300w\" sizes=\"(max-width: 640px) 100vw, 640px\" \/>\t\t\t\t\t\t\t\t\t\t\t\t\t\t\t<\/div>\n\t\t\t\t<\/div>\n\t\t\t\t\t<\/div>\n\t\t<\/div>\n\t\t\t\t<div class=\"elementor-column elementor-col-50 elementor-top-column elementor-element elementor-element-0e17f3f\" data-id=\"0e17f3f\" data-element_type=\"column\" data-e-type=\"column\">\n\t\t\t<div class=\"elementor-widget-wrap elementor-element-populated\">\n\t\t\t\t\t\t<div class=\"elementor-element elementor-element-a273fbc elementor-widget elementor-widget-heading\" data-id=\"a273fbc\" data-element_type=\"widget\" data-e-type=\"widget\" data-widget_type=\"heading.default\">\n\t\t\t\t<div class=\"elementor-widget-container\">\n\t\t\t\t\t<h5 class=\"elementor-heading-title elementor-size-default\">Nettoyage et d\u00e9moussage<\/h5>\t\t\t\t<\/div>\n\t\t\t\t<\/div>\n\t\t\t\t<div class=\"elementor-element elementor-element-9e0a49d elementor-widget elementor-widget-text-editor\" data-id=\"9e0a49d\" data-element_type=\"widget\" data-e-type=\"widget\" data-widget_type=\"text-editor.default\">\n\t\t\t\t<div class=\"elementor-widget-container\">\n\t\t\t\t\t\t\t\t\t<p>Le nettoyage de toiture permet notamment de donner un plus bel aspect \u00e0 celle-ci mais cela sert surtout \u00e0 augmenter la dur\u00e9e de vie de votre toiture. Groupe ECO THERM s\u2019occupe du nettoyage complet de votre toiture.<\/p><p>Afin d\u2019\u00e9viter que vos tuiles deviennent poreuses, il convient de nettoyer et de r\u00e9aliser le d\u00e9moussage de votre toiture. Cette op\u00e9ration permet de donner une\u00a0<strong>deuxi\u00e8me jeunesse \u00e0 votre toiture<\/strong>\u00a0et de consid\u00e9rablement augmenter sa dur\u00e9e de vie. Il est, toutefois, n\u00e9cessaire d\u2019utiliser les bons produits. Votre satisfaction \u00e9tant notre principal souci, nous n\u2019utilisons que des\u00a0<strong>produits professionnels et de qualit\u00e9<\/strong>.<\/p>\t\t\t\t\t\t\t\t<\/div>\n\t\t\t\t<\/div>\n\t\t\t\t\t<\/div>\n\t\t<\/div>\n\t\t\t\t\t<\/div>\n\t\t<\/section>\n\t\t\t\t<section class=\"elementor-section elementor-top-section elementor-element elementor-element-07495b3 elementor-section-boxed elementor-section-height-default elementor-section-height-default\" data-id=\"07495b3\" data-element_type=\"section\" data-e-type=\"section\">\n\t\t\t\t\t\t<div class=\"elementor-container elementor-column-gap-default\">\n\t\t\t\t\t<div class=\"elementor-column elementor-col-100 elementor-top-column elementor-element elementor-element-74d12f6\" data-id=\"74d12f6\" data-element_type=\"column\" data-e-type=\"column\">\n\t\t\t<div class=\"elementor-widget-wrap elementor-element-populated\">\n\t\t\t\t\t\t<div class=\"elementor-element elementor-element-dc91a97 elementor-widget elementor-widget-spacer\" data-id=\"dc91a97\" data-element_type=\"widget\" data-e-type=\"widget\" data-widget_type=\"spacer.default\">\n\t\t\t\t<div class=\"elementor-widget-container\">\n\t\t\t\t\t\t\t<div class=\"elementor-spacer\">\n\t\t\t<div class=\"elementor-spacer-inner\"><\/div>\n\t\t<\/div>\n\t\t\t\t\t\t<\/div>\n\t\t\t\t<\/div>\n\t\t\t\t\t<\/div>\n\t\t<\/div>\n\t\t\t\t\t<\/div>\n\t\t<\/section>\n\t\t\t\t<\/div>\n\t\t","protected":false},"excerpt":{"rendered":"<p>L&rsquo;entretien de toiture Entretenir r\u00e9guli\u00e8rement sa toiture, qu\u2019il s\u2019agisse d\u2019un simple nettoyage ou d\u2019une r\u00e9novation plus importante, est essentiel afin que de conserver un toit \u00e9tanche et esth\u00e9tique ainsi que pour prolonger sa dur\u00e9e de vie. Pourquoi entretenir sa toiture ? Nettoyage et d\u00e9moussage Le nettoyage de toiture permet notamment de donner un plus bel [&hellip;]<\/p>\n","protected":false},"author":1,"featured_media":0,"parent":0,"menu_order":0,"comment_status":"closed","ping_status":"closed","template":"","meta":{"site-sidebar-layout":"no-sidebar","site-content-layout":"page-builder","ast-site-content-layout":"","site-content-style":"default","site-sidebar-style":"default","ast-global-header-display":"","ast-banner-title-visibility":"","ast-main-header-display":"","ast-hfb-above-header-display":"","ast-hfb-below-header-display":"","ast-hfb-mobile-header-display":"","site-post-title":"disabled","ast-breadcrumbs-content":"disabled","ast-featured-img":"disabled","footer-sml-layout":"","theme-transparent-header-meta":"enabled","adv-header-id-meta":"","stick-header-meta":"","header-above-stick-meta":"","header-main-stick-meta":"","header-below-stick-meta":"","astra-migrate-meta-layouts":"default","ast-page-background-enabled":"default","ast-page-background-meta":{"desktop":{"background-color":"","background-image":"","background-repeat":"repeat","background-position":"center center","background-size":"auto","background-attachment":"scroll","background-type":"","background-media":"","overlay-type":"","overlay-color":"","overlay-opacity":"","overlay-gradient":""},"tablet":{"background-color":"","background-image":"","background-repeat":"repeat","background-position":"center center","background-size":"auto","background-attachment":"scroll","background-type":"","background-media":"","overlay-type":"","overlay-color":"","overlay-opacity":"","overlay-gradient":""},"mobile":{"background-color":"","background-image":"","background-repeat":"repeat","background-position":"center center","background-size":"auto","background-attachment":"scroll","background-type":"","background-media":"","overlay-type":"","overlay-color":"","overlay-opacity":"","overlay-gradient":""}},"ast-content-background-meta":{"desktop":{"background-color":"var(--ast-global-color-5)","background-image":"","background-repeat":"repeat","background-position":"center center","background-size":"auto","background-attachment":"scroll","background-type":"","background-media":"","overlay-type":"","overlay-color":"","overlay-opacity":"","overlay-gradient":""},"tablet":{"background-color":"var(--ast-global-color-5)","background-image":"","background-repeat":"repeat","background-position":"center center","background-size":"auto","background-attachment":"scroll","background-type":"","background-media":"","overlay-type":"","overlay-color":"","overlay-opacity":"","overlay-gradient":""},"mobile":{"background-color":"var(--ast-global-color-5)","background-image":"","background-repeat":"repeat","background-position":"center center","background-size":"auto","background-attachment":"scroll","background-type":"","background-media":"","overlay-type":"","overlay-color":"","overlay-opacity":"","overlay-gradient":""}},"iawp_total_views":33,"footnotes":""},"class_list":["post-1216","page","type-page","status-publish","hentry"],"yoast_head":"<!-- This site is optimized with the Yoast SEO plugin v27.4 - https:\/\/yoast.com\/product\/yoast-seo-wordpress\/ -->\n<title>Entretien de toiture - Groupe ECO THERM - Installation de chauffage ou de climatisation<\/title>\n<meta name=\"robots\" content=\"index, follow, max-snippet:-1, max-image-preview:large, max-video-preview:-1\" \/>\n<link rel=\"canonical\" href=\"https:\/\/climrchaud.fr\/index.php\/entretien-de-toiture\/\" \/>\n<meta property=\"og:locale\" content=\"fr_FR\" \/>\n<meta property=\"og:type\" content=\"article\" \/>\n<meta property=\"og:title\" content=\"Entretien de toiture - Groupe ECO THERM - Installation de chauffage ou de climatisation\" \/>\n<meta property=\"og:description\" content=\"L&rsquo;entretien de toiture Entretenir r\u00e9guli\u00e8rement sa toiture, qu\u2019il s\u2019agisse d\u2019un simple nettoyage ou d\u2019une r\u00e9novation plus importante, est essentiel afin que de conserver un toit \u00e9tanche et esth\u00e9tique ainsi que pour prolonger sa dur\u00e9e de vie. Pourquoi entretenir sa toiture ? Nettoyage et d\u00e9moussage Le nettoyage de toiture permet notamment de donner un plus bel [&hellip;]\" \/>\n<meta property=\"og:url\" content=\"https:\/\/climrchaud.fr\/index.php\/entretien-de-toiture\/\" \/>\n<meta property=\"og:site_name\" content=\"Groupe ECO THERM - Installation de chauffage ou de climatisation\" \/>\n<meta property=\"article:modified_time\" content=\"2023-04-27T10:03:19+00:00\" \/>\n<meta property=\"og:image\" content=\"https:\/\/climrchaud.fr\/wp-content\/uploads\/2023\/04\/tile-707887_640-1.jpg\" \/>\n<meta name=\"twitter:card\" content=\"summary_large_image\" \/>\n<meta name=\"twitter:label1\" content=\"Dur\u00e9e de lecture estim\u00e9e\" \/>\n\t<meta name=\"twitter:data1\" content=\"1 minute\" \/>\n<script type=\"application\/ld+json\" class=\"yoast-schema-graph\">{\"@context\":\"https:\\\/\\\/schema.org\",\"@graph\":[{\"@type\":\"WebPage\",\"@id\":\"https:\\\/\\\/climrchaud.fr\\\/index.php\\\/entretien-de-toiture\\\/\",\"url\":\"https:\\\/\\\/climrchaud.fr\\\/index.php\\\/entretien-de-toiture\\\/\",\"name\":\"Entretien de toiture - Groupe ECO THERM - Installation de chauffage ou de climatisation\",\"isPartOf\":{\"@id\":\"https:\\\/\\\/climrchaud.fr\\\/#website\"},\"primaryImageOfPage\":{\"@id\":\"https:\\\/\\\/climrchaud.fr\\\/index.php\\\/entretien-de-toiture\\\/#primaryimage\"},\"image\":{\"@id\":\"https:\\\/\\\/climrchaud.fr\\\/index.php\\\/entretien-de-toiture\\\/#primaryimage\"},\"thumbnailUrl\":\"https:\\\/\\\/climrchaud.fr\\\/wp-content\\\/uploads\\\/2023\\\/04\\\/tile-707887_640-1.jpg\",\"datePublished\":\"2023-04-27T09:23:26+00:00\",\"dateModified\":\"2023-04-27T10:03:19+00:00\",\"breadcrumb\":{\"@id\":\"https:\\\/\\\/climrchaud.fr\\\/index.php\\\/entretien-de-toiture\\\/#breadcrumb\"},\"inLanguage\":\"fr-FR\",\"potentialAction\":[{\"@type\":\"ReadAction\",\"target\":[\"https:\\\/\\\/climrchaud.fr\\\/index.php\\\/entretien-de-toiture\\\/\"]}]},{\"@type\":\"ImageObject\",\"inLanguage\":\"fr-FR\",\"@id\":\"https:\\\/\\\/climrchaud.fr\\\/index.php\\\/entretien-de-toiture\\\/#primaryimage\",\"url\":\"https:\\\/\\\/climrchaud.fr\\\/wp-content\\\/uploads\\\/2023\\\/04\\\/tile-707887_640-1.jpg\",\"contentUrl\":\"https:\\\/\\\/climrchaud.fr\\\/wp-content\\\/uploads\\\/2023\\\/04\\\/tile-707887_640-1.jpg\",\"width\":640,\"height\":389},{\"@type\":\"BreadcrumbList\",\"@id\":\"https:\\\/\\\/climrchaud.fr\\\/index.php\\\/entretien-de-toiture\\\/#breadcrumb\",\"itemListElement\":[{\"@type\":\"ListItem\",\"position\":1,\"name\":\"Accueil\",\"item\":\"https:\\\/\\\/climrchaud.fr\\\/\"},{\"@type\":\"ListItem\",\"position\":2,\"name\":\"Entretien de toiture\"}]},{\"@type\":\"WebSite\",\"@id\":\"https:\\\/\\\/climrchaud.fr\\\/#website\",\"url\":\"https:\\\/\\\/climrchaud.fr\\\/\",\"name\":\"Clim'R Chaud - Installation de chauffages et de climatisations\",\"description\":\"\",\"publisher\":{\"@id\":\"https:\\\/\\\/climrchaud.fr\\\/#organization\"},\"potentialAction\":[{\"@type\":\"SearchAction\",\"target\":{\"@type\":\"EntryPoint\",\"urlTemplate\":\"https:\\\/\\\/climrchaud.fr\\\/?s={search_term_string}\"},\"query-input\":{\"@type\":\"PropertyValueSpecification\",\"valueRequired\":true,\"valueName\":\"search_term_string\"}}],\"inLanguage\":\"fr-FR\"},{\"@type\":\"Organization\",\"@id\":\"https:\\\/\\\/climrchaud.fr\\\/#organization\",\"name\":\"Clim'R Chaud - Installation de chauffages et de climatisations\",\"url\":\"https:\\\/\\\/climrchaud.fr\\\/\",\"logo\":{\"@type\":\"ImageObject\",\"inLanguage\":\"fr-FR\",\"@id\":\"https:\\\/\\\/climrchaud.fr\\\/#\\\/schema\\\/logo\\\/image\\\/\",\"url\":\"https:\\\/\\\/climrchaud.fr\\\/wp-content\\\/uploads\\\/2023\\\/04\\\/cropped-groupecotherm-1.png\",\"contentUrl\":\"https:\\\/\\\/climrchaud.fr\\\/wp-content\\\/uploads\\\/2023\\\/04\\\/cropped-groupecotherm-1.png\",\"width\":500,\"height\":192,\"caption\":\"Clim'R Chaud - Installation de chauffages et de climatisations\"},\"image\":{\"@id\":\"https:\\\/\\\/climrchaud.fr\\\/#\\\/schema\\\/logo\\\/image\\\/\"}}]}<\/script>\n<!-- \/ Yoast SEO plugin. -->","yoast_head_json":{"title":"Entretien de toiture - Groupe ECO THERM - Installation de chauffage ou de climatisation","robots":{"index":"index","follow":"follow","max-snippet":"max-snippet:-1","max-image-preview":"max-image-preview:large","max-video-preview":"max-video-preview:-1"},"canonical":"https:\/\/climrchaud.fr\/index.php\/entretien-de-toiture\/","og_locale":"fr_FR","og_type":"article","og_title":"Entretien de toiture - Groupe ECO THERM - Installation de chauffage ou de climatisation","og_description":"L&rsquo;entretien de toiture Entretenir r\u00e9guli\u00e8rement sa toiture, qu\u2019il s\u2019agisse d\u2019un simple nettoyage ou d\u2019une r\u00e9novation plus importante, est essentiel afin que de conserver un toit \u00e9tanche et esth\u00e9tique ainsi que pour prolonger sa dur\u00e9e de vie. Pourquoi entretenir sa toiture ? Nettoyage et d\u00e9moussage Le nettoyage de toiture permet notamment de donner un plus bel [&hellip;]","og_url":"https:\/\/climrchaud.fr\/index.php\/entretien-de-toiture\/","og_site_name":"Groupe ECO THERM - Installation de chauffage ou de climatisation","article_modified_time":"2023-04-27T10:03:19+00:00","og_image":[{"url":"https:\/\/climrchaud.fr\/wp-content\/uploads\/2023\/04\/tile-707887_640-1.jpg","type":"","width":"","height":""}],"twitter_card":"summary_large_image","twitter_misc":{"Dur\u00e9e de lecture estim\u00e9e":"1 minute"},"schema":{"@context":"https:\/\/schema.org","@graph":[{"@type":"WebPage","@id":"https:\/\/climrchaud.fr\/index.php\/entretien-de-toiture\/","url":"https:\/\/climrchaud.fr\/index.php\/entretien-de-toiture\/","name":"Entretien de toiture - Groupe ECO THERM - Installation de chauffage ou de climatisation","isPartOf":{"@id":"https:\/\/climrchaud.fr\/#website"},"primaryImageOfPage":{"@id":"https:\/\/climrchaud.fr\/index.php\/entretien-de-toiture\/#primaryimage"},"image":{"@id":"https:\/\/climrchaud.fr\/index.php\/entretien-de-toiture\/#primaryimage"},"thumbnailUrl":"https:\/\/climrchaud.fr\/wp-content\/uploads\/2023\/04\/tile-707887_640-1.jpg","datePublished":"2023-04-27T09:23:26+00:00","dateModified":"2023-04-27T10:03:19+00:00","breadcrumb":{"@id":"https:\/\/climrchaud.fr\/index.php\/entretien-de-toiture\/#breadcrumb"},"inLanguage":"fr-FR","potentialAction":[{"@type":"ReadAction","target":["https:\/\/climrchaud.fr\/index.php\/entretien-de-toiture\/"]}]},{"@type":"ImageObject","inLanguage":"fr-FR","@id":"https:\/\/climrchaud.fr\/index.php\/entretien-de-toiture\/#primaryimage","url":"https:\/\/climrchaud.fr\/wp-content\/uploads\/2023\/04\/tile-707887_640-1.jpg","contentUrl":"https:\/\/climrchaud.fr\/wp-content\/uploads\/2023\/04\/tile-707887_640-1.jpg","width":640,"height":389},{"@type":"BreadcrumbList","@id":"https:\/\/climrchaud.fr\/index.php\/entretien-de-toiture\/#breadcrumb","itemListElement":[{"@type":"ListItem","position":1,"name":"Accueil","item":"https:\/\/climrchaud.fr\/"},{"@type":"ListItem","position":2,"name":"Entretien de toiture"}]},{"@type":"WebSite","@id":"https:\/\/climrchaud.fr\/#website","url":"https:\/\/climrchaud.fr\/","name":"Clim'R Chaud - Installation de chauffages et de climatisations","description":"","publisher":{"@id":"https:\/\/climrchaud.fr\/#organization"},"potentialAction":[{"@type":"SearchAction","target":{"@type":"EntryPoint","urlTemplate":"https:\/\/climrchaud.fr\/?s={search_term_string}"},"query-input":{"@type":"PropertyValueSpecification","valueRequired":true,"valueName":"search_term_string"}}],"inLanguage":"fr-FR"},{"@type":"Organization","@id":"https:\/\/climrchaud.fr\/#organization","name":"Clim'R Chaud - Installation de chauffages et de climatisations","url":"https:\/\/climrchaud.fr\/","logo":{"@type":"ImageObject","inLanguage":"fr-FR","@id":"https:\/\/climrchaud.fr\/#\/schema\/logo\/image\/","url":"https:\/\/climrchaud.fr\/wp-content\/uploads\/2023\/04\/cropped-groupecotherm-1.png","contentUrl":"https:\/\/climrchaud.fr\/wp-content\/uploads\/2023\/04\/cropped-groupecotherm-1.png","width":500,"height":192,"caption":"Clim'R Chaud - Installation de chauffages et de climatisations"},"image":{"@id":"https:\/\/climrchaud.fr\/#\/schema\/logo\/image\/"}}]}},"_links":{"self":[{"href":"https:\/\/climrchaud.fr\/index.php\/wp-json\/wp\/v2\/pages\/1216","targetHints":{"allow":["GET"]}}],"collection":[{"href":"https:\/\/climrchaud.fr\/index.php\/wp-json\/wp\/v2\/pages"}],"about":[{"href":"https:\/\/climrchaud.fr\/index.php\/wp-json\/wp\/v2\/types\/page"}],"author":[{"embeddable":true,"href":"https:\/\/climrchaud.fr\/index.php\/wp-json\/wp\/v2\/users\/1"}],"replies":[{"embeddable":true,"href":"https:\/\/climrchaud.fr\/index.php\/wp-json\/wp\/v2\/comments?post=1216"}],"version-history":[{"count":13,"href":"https:\/\/climrchaud.fr\/index.php\/wp-json\/wp\/v2\/pages\/1216\/revisions"}],"predecessor-version":[{"id":1303,"href":"https:\/\/climrchaud.fr\/index.php\/wp-json\/wp\/v2\/pages\/1216\/revisions\/1303"}],"wp:attachment":[{"href":"https:\/\/climrchaud.fr\/index.php\/wp-json\/wp\/v2\/media?parent=1216"}],"curies":[{"name":"wp","href":"https:\/\/api.w.org\/{rel}","templated":true}]}}